{"id":9,"date":"2020-10-07T11:27:42","date_gmt":"2020-10-07T09:27:42","guid":{"rendered":"https:\/\/julian-nida-ruemelin.com\/?page_id=9"},"modified":"2025-08-11T11:38:07","modified_gmt":"2025-08-11T09:38:07","slug":"uber-julian-nida-ruemelin-vita-cv-leben","status":"publish","type":"page","link":"https:\/\/julian-nida-ruemelin.com\/en\/uber-julian-nida-ruemelin-vita-cv-leben\/","title":{"rendered":"About"},"content":{"rendered":"<div data-elementor-type=\"wp-page\" data-elementor-id=\"9\" class=\"elementor elementor-9\">\n\t\t\t\t\t\t<section class=\"elementor-section elementor-top-section elementor-element elementor-element-7b5109a elementor-section-boxed elementor-section-height-default elementor-section-height-default\" data-id=\"7b5109a\" data-element_type=\"section\" data-e-type=\"section\">\n\t\t\t\t\t\t\t<div class=\"elementor-background-overlay\"><\/div>\n\t\t\t\t\t\t\t<div class=\"elementor-container elementor-column-gap-default\">\n\t\t\t\t\t<div class=\"elementor-column elementor-col-100 elementor-top-column elementor-element elementor-element-5d13b05\" data-id=\"5d13b05\" data-element_type=\"column\" data-e-type=\"column\">\n\t\t\t<div class=\"elementor-widget-wrap elementor-element-populated\">\n\t\t\t\t\t\t<div class=\"elementor-element elementor-element-220e7e0 elementor-invisible elementor-widget elementor-widget-heading\" data-id=\"220e7e0\" data-element_type=\"widget\" data-e-type=\"widget\" data-settings=\"{&quot;_animation&quot;:&quot;fadeInDown&quot;}\" data-widget_type=\"heading.default\">\n\t\t\t\t<div class=\"elementor-widget-container\">\n\t\t\t\t\t<h1 class=\"elementor-heading-title elementor-size-default\">About<\/h1>\t\t\t\t<\/div>\n\t\t\t\t<\/div>\n\t\t\t\t\t<\/div>\n\t\t<\/div>\n\t\t\t\t\t<\/div>\n\t\t<\/section>\n\t\t\t\t<section class=\"elementor-section elementor-top-section elementor-element elementor-element-6c729b1 elementor-section-boxed elementor-section-height-default elementor-section-height-default\" data-id=\"6c729b1\" data-element_type=\"section\" data-e-type=\"section\">\n\t\t\t\t\t\t<div class=\"elementor-container elementor-column-gap-default\">\n\t\t\t\t\t<div class=\"elementor-column elementor-col-100 elementor-top-column elementor-element elementor-element-25a62d8\" data-id=\"25a62d8\" data-element_type=\"column\" data-e-type=\"column\">\n\t\t\t<div class=\"elementor-widget-wrap elementor-element-populated\">\n\t\t\t\t\t\t<div class=\"elementor-element elementor-element-e4dced5 elementor-widget-divider--view-line_icon elementor-view-default elementor-widget-divider--element-align-center elementor-widget elementor-widget-divider\" data-id=\"e4dced5\" data-element_type=\"widget\" data-e-type=\"widget\" data-widget_type=\"divider.default\">\n\t\t\t\t<div class=\"elementor-widget-container\">\n\t\t\t\t\t\t\t<div class=\"elementor-divider\">\n\t\t\t<span class=\"elementor-divider-separator\">\n\t\t\t\t\t\t\t<div class=\"elementor-icon elementor-divider__element\">\n\t\t\t\t\t<i aria-hidden=\"true\" class=\"fab fa-empire\"><\/i><\/div>\n\t\t\t\t\t\t<\/span>\n\t\t<\/div>\n\t\t\t\t\t\t<\/div>\n\t\t\t\t<\/div>\n\t\t\t\t\t<\/div>\n\t\t<\/div>\n\t\t\t\t\t<\/div>\n\t\t<\/section>\n\t\t\t\t<section class=\"elementor-section elementor-top-section elementor-element elementor-element-6c27903f elementor-section-content-middle elementor-section-boxed elementor-section-height-default elementor-section-height-default\" data-id=\"6c27903f\" data-element_type=\"section\" data-e-type=\"section\" data-settings=\"{&quot;background_background&quot;:&quot;classic&quot;}\">\n\t\t\t\t\t\t<div class=\"elementor-container elementor-column-gap-no\">\n\t\t\t\t\t<div class=\"elementor-column elementor-col-50 elementor-top-column elementor-element elementor-element-acde269\" data-id=\"acde269\" data-element_type=\"column\" data-e-type=\"column\">\n\t\t\t<div class=\"elementor-widget-wrap\">\n\t\t\t\t\t\t\t<\/div>\n\t\t<\/div>\n\t\t\t\t<div class=\"elementor-column elementor-col-50 elementor-top-column elementor-element elementor-element-5ae5c061\" data-id=\"5ae5c061\" data-element_type=\"column\" data-e-type=\"column\">\n\t\t\t<div class=\"elementor-widget-wrap elementor-element-populated\">\n\t\t\t\t\t\t<div class=\"elementor-element elementor-element-10392c2 elementor-invisible elementor-widget elementor-widget-heading\" data-id=\"10392c2\" data-element_type=\"widget\" data-e-type=\"widget\" data-settings=\"{&quot;_animation&quot;:&quot;fadeInDown&quot;}\" data-widget_type=\"heading.default\">\n\t\t\t\t<div class=\"elementor-widget-container\">\n\t\t\t\t\t<h2 class=\"elementor-heading-title elementor-size-default\">CV<\/h2>\t\t\t\t<\/div>\n\t\t\t\t<\/div>\n\t\t\t\t<div class=\"elementor-element elementor-element-5eaa694e elementor-widget-divider--view-line elementor-widget elementor-widget-divider\" data-id=\"5eaa694e\" data-element_type=\"widget\" data-e-type=\"widget\" data-widget_type=\"divider.default\">\n\t\t\t\t<div class=\"elementor-widget-container\">\n\t\t\t\t\t\t\t<div class=\"elementor-divider\">\n\t\t\t<span class=\"elementor-divider-separator\">\n\t\t\t\t\t\t<\/span>\n\t\t<\/div>\n\t\t\t\t\t\t<\/div>\n\t\t\t\t<\/div>\n\t\t\t\t<section class=\"elementor-section elementor-inner-section elementor-element elementor-element-8cc64a8 elementor-reverse-mobile elementor-section-boxed elementor-section-height-default elementor-section-height-default\" data-id=\"8cc64a8\" data-element_type=\"section\" data-e-type=\"section\">\n\t\t\t\t\t\t<div class=\"elementor-container elementor-column-gap-default\">\n\t\t\t\t\t<div class=\"elementor-column elementor-col-100 elementor-inner-column elementor-element elementor-element-67eed53\" data-id=\"67eed53\" data-element_type=\"column\" data-e-type=\"column\">\n\t\t\t<div class=\"elementor-widget-wrap elementor-element-populated\">\n\t\t\t\t\t\t<div class=\"elementor-element elementor-element-0a1263c elementor-invisible elementor-widget elementor-widget-text-editor\" data-id=\"0a1263c\" data-element_type=\"widget\" data-e-type=\"widget\" data-settings=\"{&quot;_animation&quot;:&quot;fadeInDown&quot;}\" data-widget_type=\"text-editor.default\">\n\t\t\t\t<div class=\"elementor-widget-container\">\n\t\t\t\t\t\t\t\t\t<p class=\"p1 translation-block\"><span class=\"s1\"><a href=\"https:\/\/de.wikipedia.org\/wiki\/Julian_Nida-Rmelin\" target=\"_self\" rel=\"noopener\">Prof. Dr. Dr. h. c. Julian Nida-R\u00fcmelin<\/a>, former Minister of culture<\/span>.<\/p><div>Der Philosoph und Autor Julian Nida-R\u00fcmelin ist Rektor der <a href=\"https:\/\/humanistische-hochschule-berlin.de\/\" target=\"_blank\" rel=\"noopener\">Humanistischen Hochschule Berlin<\/a> und Direktor am\u00a0<a href=\"https:\/\/www.bidt.digital\/\" target=\"_blank\" rel=\"nofollow noopener\">Bayerischen Forschungsinstitut f\u00fcr digitale Transformation<\/a>. Er lehrte an unterschiedlichen Universit\u00e4ten des In- und Aulands: Minneapolis, T\u00fcbingen, G\u00f6ttingen, Mailand, Turin, Berlin und M\u00fcnchen.\u00a0<\/div><div>\u00a0<\/div><div>Er verfasste mehr als 100 wissenschaftliche <a href=\"https:\/\/julian-nida-ruemelin.com\/en\/wissenschaftpraktische-philosophiepolitische-philosophiepolitik\/\" target=\"_blank\" rel=\"noopener\">Essays<\/a> und zahlreiche <a href=\"https:\/\/julian-nida-ruemelin.com\/en\/buecher-und-monographien-und-aufsatze\/\" target=\"_blank\" rel=\"nofollow noopener\">B\u00fccher<\/a> \u00fcber Rationalit\u00e4t, Ethik, politische Philosophie und Erkenntnistheorie, dabei besch\u00e4ftigen auch die praktischen Fragen der Politik, der Bildung, der \u00d6konomie und der digitalen Transformation. \u00a0<\/div><div><br \/>Er ist Mitglied der\u00a0Europ\u00e4ischen Akademie der Wissenschaften, der <a href=\"https:\/\/www.bbaw.de\/\" target=\"_blank\" rel=\"noopener\">berlin-brandenburgischen Akademie der Wissenschaften<\/a> und Vorstand der\u00a0<a href=\"https:\/\/www.parmenides-foundation.org\/\" target=\"_blank\" rel=\"nofollow noopener\">Parmenides Foundation.<\/a><\/div><p class=\"p1\">\u00a0<\/p>\t\t\t\t\t\t\t\t<\/div>\n\t\t\t\t<\/div>\n\t\t\t\t\t<\/div>\n\t\t<\/div>\n\t\t\t\t\t<\/div>\n\t\t<\/section>\n\t\t\t\t\t<\/div>\n\t\t<\/div>\n\t\t\t\t\t<\/div>\n\t\t<\/section>\n\t\t\t\t<section class=\"elementor-section elementor-top-section elementor-element elementor-element-8cd88bc elementor-section-boxed elementor-section-height-default elementor-section-height-default\" data-id=\"8cd88bc\" data-element_type=\"section\" data-e-type=\"section\">\n\t\t\t\t\t\t<div class=\"elementor-container elementor-column-gap-default\">\n\t\t\t\t\t<div class=\"elementor-column elementor-col-50 elementor-top-column elementor-element elementor-element-b58a196\" data-id=\"b58a196\" data-element_type=\"column\" data-e-type=\"column\">\n\t\t\t<div class=\"elementor-widget-wrap\">\n\t\t\t\t\t\t\t<\/div>\n\t\t<\/div>\n\t\t\t\t<div class=\"elementor-column elementor-col-50 elementor-top-column elementor-element elementor-element-b960ed2\" data-id=\"b960ed2\" data-element_type=\"column\" data-e-type=\"column\">\n\t\t\t<div class=\"elementor-widget-wrap elementor-element-populated\">\n\t\t\t\t\t\t<div class=\"elementor-element elementor-element-ed189a9 elementor-invisible elementor-widget elementor-widget-text-editor\" data-id=\"ed189a9\" data-element_type=\"widget\" data-e-type=\"widget\" data-settings=\"{&quot;_animation&quot;:&quot;fadeInDown&quot;}\" data-widget_type=\"text-editor.default\">\n\t\t\t\t<div class=\"elementor-widget-container\">\n\t\t\t\t\t\t\t\t\t<p><span class=\"s1\">Er war Kulturreferent der Landeshauptstadt M\u00fcnchen 1998-2000 und geh\u00f6rte anschlie\u00dfend als Staatsminister f\u00fcr Kultur und Medien dem ersten Kabinett Schr\u00f6der bis zur Wahl des Deutschen Bundestags im Herbst 2002 an. 2014 wurde er von der Universit\u00e4t Triest mit der Ehrendoktorw\u00fcrde ausgezeichnet; 2016 verlieh ihm die bayerische Staatsregierung die Europa-Medaille, im Jahre 2019 den Bayerischen Verdienstorden.\u00a0 2023 wurde er als zweiter\u00a0 nach Noam Chomsky\u00a0 mit dem Preis <a href=\"https:\/\/www.forschung-und-lehre.de\/karriere\/julian-nida-ruemelin-erhaelt-preis-fuer-freiheit-der-wissenschaft-5867?fbclid=IwAR0zQBkK6SqsrgH1yuuU_0_4ojHmGSxoO11pPONgB-So7o9H8oceZ5UYSJE\" target=\"_blank\" rel=\"nofollow noopener\">&#8222;Freiheit der Wissenschaft&#8220;<\/a> ausgezeichnet.\u00a0<\/span><\/p><p class=\"translation-block\"><span class=\"s1\">Julian Nida-R\u00fcmelin regularly publishes <a href=\"https:\/\/julian-nida-ruemelin.com\/en\/zeitungsartikel\/\" target=\"_self\" rel=\"noopener\">newspaper articles<\/a>, <a href=\"https:\/\/julian-nida-ruemelin. com\/books\/\" target=\"_self\" rel=\"noopener\">books<\/a> and scientific <a href=\"https:\/\/julian-nida-ruemelin.com\/en\/aufsaetze\/\" target=\"_self\" rel=\"noopener\">essays<\/a> and gives <a href=\"https:\/\/julian-nida-ruemelin.com\/en\/vortraege-2\/\" target=\"_self\" rel=\"noopener\">lectures<\/a> at companies and associations. In case of interest, please contact <a href=\"https:\/\/julian-nida-ruemelin.com\/en\/kontakt-julian-nida-rumelin-email-adresse\/\" target=\"_self\" rel=\"noopener\">Dr. Nathalie Weidenfeld<\/a>.\u00a0<\/span><\/p>\t\t\t\t\t\t\t\t<\/div>\n\t\t\t\t<\/div>\n\t\t\t\t\t<\/div>\n\t\t<\/div>\n\t\t\t\t\t<\/div>\n\t\t<\/section>\n\t\t\t\t<section class=\"elementor-section elementor-top-section elementor-element elementor-element-ad37e5a elementor-section-boxed elementor-section-height-default elementor-section-height-default\" data-id=\"ad37e5a\" data-element_type=\"section\" data-e-type=\"section\">\n\t\t\t\t\t\t<div class=\"elementor-container elementor-column-gap-default\">\n\t\t\t\t\t<div class=\"elementor-column elementor-col-100 elementor-top-column elementor-element elementor-element-5f14bb0\" data-id=\"5f14bb0\" data-element_type=\"column\" data-e-type=\"column\">\n\t\t\t<div class=\"elementor-widget-wrap elementor-element-populated\">\n\t\t\t\t\t\t<div class=\"elementor-element elementor-element-a22216a elementor-widget-divider--view-line_icon elementor-view-default elementor-widget-divider--element-align-center elementor-widget elementor-widget-divider\" data-id=\"a22216a\" data-element_type=\"widget\" data-e-type=\"widget\" data-widget_type=\"divider.default\">\n\t\t\t\t<div class=\"elementor-widget-container\">\n\t\t\t\t\t\t\t<div class=\"elementor-divider\">\n\t\t\t<span class=\"elementor-divider-separator\">\n\t\t\t\t\t\t\t<div class=\"elementor-icon elementor-divider__element\">\n\t\t\t\t\t<i aria-hidden=\"true\" class=\"fab fa-empire\"><\/i><\/div>\n\t\t\t\t\t\t<\/span>\n\t\t<\/div>\n\t\t\t\t\t\t<\/div>\n\t\t\t\t<\/div>\n\t\t\t\t\t<\/div>\n\t\t<\/div>\n\t\t\t\t\t<\/div>\n\t\t<\/section>\n\t\t\t\t<section class=\"elementor-section elementor-top-section elementor-element elementor-element-29ad2ba elementor-section-boxed elementor-section-height-default elementor-section-height-default\" data-id=\"29ad2ba\" data-element_type=\"section\" data-e-type=\"section\">\n\t\t\t\t\t\t<div class=\"elementor-container elementor-column-gap-default\">\n\t\t\t\t\t<div class=\"elementor-column elementor-col-100 elementor-top-column elementor-element elementor-element-1580a53\" data-id=\"1580a53\" data-element_type=\"column\" data-e-type=\"column\">\n\t\t\t<div class=\"elementor-widget-wrap elementor-element-populated\">\n\t\t\t\t\t\t<div class=\"elementor-element elementor-element-4c68ebb elementor-button-warning elementor-align-center elementor-invisible elementor-widget elementor-widget-button\" data-id=\"4c68ebb\" data-element_type=\"widget\" data-e-type=\"widget\" data-settings=\"{&quot;_animation&quot;:&quot;fadeInLeft&quot;}\" data-widget_type=\"button.default\">\n\t\t\t\t<div class=\"elementor-widget-container\">\n\t\t\t\t\t\t\t\t\t<div class=\"elementor-button-wrapper\">\n\t\t\t\t\t<a class=\"elementor-button elementor-button-link elementor-size-sm\" href=\"https:\/\/julian-nida-ruemelin.com\/en\/kontakt-2\/\" target=\"_blank\">\n\t\t\t\t\t\t<span class=\"elementor-button-content-wrapper\">\n\t\t\t\t\t\t<span class=\"elementor-button-icon\">\n\t\t\t\t<i aria-hidden=\"true\" class=\"far fa-envelope\"><\/i>\t\t\t<\/span>\n\t\t\t\t\t\t\t\t\t<span class=\"elementor-button-text\">Contact<\/span>\n\t\t\t\t\t<\/span>\n\t\t\t\t\t<\/a>\n\t\t\t\t<\/div>\n\t\t\t\t\t\t\t\t<\/div>\n\t\t\t\t<\/div>\n\t\t\t\t<div class=\"elementor-element elementor-element-0287910 elementor-button-info elementor-align-center elementor-invisible elementor-widget elementor-widget-button\" data-id=\"0287910\" data-element_type=\"widget\" data-e-type=\"widget\" data-settings=\"{&quot;_animation&quot;:&quot;fadeInRight&quot;}\" data-widget_type=\"button.default\">\n\t\t\t\t<div class=\"elementor-widget-container\">\n\t\t\t\t\t\t\t\t\t<div class=\"elementor-button-wrapper\">\n\t\t\t\t\t<a class=\"elementor-button elementor-button-link elementor-size-sm\" href=\"https:\/\/julian-nida-ruemelin.com\/wp-content\/uploads\/2024\/09\/Curriculum-Vitae_uptodate-2.pdf\" target=\"_blank\" rel=\"nofollow\">\n\t\t\t\t\t\t<span class=\"elementor-button-content-wrapper\">\n\t\t\t\t\t\t<span class=\"elementor-button-icon\">\n\t\t\t\t<i aria-hidden=\"true\" class=\"fas fa-graduation-cap\"><\/i>\t\t\t<\/span>\n\t\t\t\t\t\t\t\t\t<span class=\"elementor-button-text\">CV<\/span>\n\t\t\t\t\t<\/span>\n\t\t\t\t\t<\/a>\n\t\t\t\t<\/div>\n\t\t\t\t\t\t\t\t<\/div>\n\t\t\t\t<\/div>\n\t\t\t\t<div class=\"elementor-element elementor-element-584500c elementor-widget elementor-widget-spacer\" data-id=\"584500c\" data-element_type=\"widget\" data-e-type=\"widget\" data-widget_type=\"spacer.default\">\n\t\t\t\t<div class=\"elementor-widget-container\">\n\t\t\t\t\t\t\t<div class=\"elementor-spacer\">\n\t\t\t<div class=\"elementor-spacer-inner\"><\/div>\n\t\t<\/div>\n\t\t\t\t\t\t<\/div>\n\t\t\t\t<\/div>\n\t\t\t\t\t<\/div>\n\t\t<\/div>\n\t\t\t\t\t<\/div>\n\t\t<\/section>\n\t\t\t\t<\/div>","protected":false},"excerpt":{"rendered":"<p>Zur Person VITA Prof. Dr. Dr. h. c. Julian Nida-R\u00fcmelin, Staatsminister a. D. Der Philosoph und Autor Julian Nida-R\u00fcmelin ist Rektor der Humanistischen Hochschule Berlin und Direktor am\u00a0Bayerischen Forschungsinstitut f\u00fcr digitale Transformation. Er lehrte an unterschiedlichen Universit\u00e4ten des In- und Aulands: Minneapolis, T\u00fcbingen, G\u00f6ttingen, Mailand, Turin, Berlin und M\u00fcnchen.\u00a0\u00a0Er verfasste mehr als 100 wissenschaftliche Aufs\u00e4tze [&hellip;]<\/p>\n","protected":false},"author":194332538,"featured_media":0,"parent":0,"menu_order":0,"comment_status":"closed","ping_status":"closed","template":"elementor_header_footer","meta":{"site-sidebar-layout":"default","site-content-layout":"default","ast-site-content-layout":"","site-content-style":"default","site-sidebar-style":"default","ast-global-header-display":"","ast-banner-title-visibility":"","ast-main-header-display":"","ast-hfb-above-header-display":"","ast-hfb-below-header-display":"","ast-hfb-mobile-header-display":"","site-post-title":"disabled","ast-breadcrumbs-content":"","ast-featured-img":"","footer-sml-layout":"","theme-transparent-header-meta":"default","adv-header-id-meta":"","stick-header-meta":"","header-above-stick-meta":"","header-main-stick-meta":"","header-below-stick-meta":"","astra-migrate-meta-layouts":"default","ast-page-background-enabled":"default","ast-page-background-meta":{"desktop":{"background-color":"","background-image":"","background-repeat":"repeat","background-position":"center center","background-size":"auto","background-attachment":"scroll","background-type":"","background-media":"","overlay-type":"","overlay-color":"","overlay-opacity":"","overlay-gradient":""},"tablet":{"background-color":"","background-image":"","background-repeat":"repeat","background-position":"center center","background-size":"auto","background-attachment":"scroll","background-type":"","background-media":"","overlay-type":"","overlay-color":"","overlay-opacity":"","overlay-gradient":""},"mobile":{"background-color":"","background-image":"","background-repeat":"repeat","background-position":"center center","background-size":"auto","background-attachment":"scroll","background-type":"","background-media":"","overlay-type":"","overlay-color":"","overlay-opacity":"","overlay-gradient":""}},"ast-content-background-meta":{"desktop":{"background-color":"var(--ast-global-color-5)","background-image":"","background-repeat":"repeat","background-position":"center center","background-size":"auto","background-attachment":"scroll","background-type":"","background-media":"","overlay-type":"","overlay-color":"","overlay-opacity":"","overlay-gradient":""},"tablet":{"background-color":"var(--ast-global-color-5)","background-image":"","background-repeat":"repeat","background-position":"center center","background-size":"auto","background-attachment":"scroll","background-type":"","background-media":"","overlay-type":"","overlay-color":"","overlay-opacity":"","overlay-gradient":""},"mobile":{"background-color":"var(--ast-global-color-5)","background-image":"","background-repeat":"repeat","background-position":"center center","background-size":"auto","background-attachment":"scroll","background-type":"","background-media":"","overlay-type":"","overlay-color":"","overlay-opacity":"","overlay-gradient":""}},"footnotes":""},"class_list":["post-9","page","type-page","status-publish","hentry"],"jetpack_shortlink":"https:\/\/wp.me\/PcrcWF-9","jetpack_sharing_enabled":false,"amp_enabled":false,"_links":{"self":[{"href":"https:\/\/julian-nida-ruemelin.com\/en\/wp-json\/wp\/v2\/pages\/9","targetHints":{"allow":["GET"]}}],"collection":[{"href":"https:\/\/julian-nida-ruemelin.com\/en\/wp-json\/wp\/v2\/pages"}],"about":[{"href":"https:\/\/julian-nida-ruemelin.com\/en\/wp-json\/wp\/v2\/types\/page"}],"author":[{"embeddable":true,"href":"https:\/\/julian-nida-ruemelin.com\/en\/wp-json\/wp\/v2\/users\/194332538"}],"replies":[{"embeddable":true,"href":"https:\/\/julian-nida-ruemelin.com\/en\/wp-json\/wp\/v2\/comments?post=9"}],"version-history":[{"count":100,"href":"https:\/\/julian-nida-ruemelin.com\/en\/wp-json\/wp\/v2\/pages\/9\/revisions"}],"predecessor-version":[{"id":7854,"href":"https:\/\/julian-nida-ruemelin.com\/en\/wp-json\/wp\/v2\/pages\/9\/revisions\/7854"}],"wp:attachment":[{"href":"https:\/\/julian-nida-ruemelin.com\/en\/wp-json\/wp\/v2\/media?parent=9"}],"curies":[{"name":"wp","href":"https:\/\/api.w.org\/{rel}","templated":true}]}}